{"id":17,"date":"2025-11-13T09:35:56","date_gmt":"2025-11-13T09:35:56","guid":{"rendered":"https:\/\/nodocontextual.es\/inicio\/"},"modified":"2026-05-14T16:41:34","modified_gmt":"2026-05-14T16:41:34","slug":"inicio","status":"publish","type":"page","link":"https:\/\/nodocontextual.es\/en\/","title":{"rendered":"NodoContextual"},"content":{"rendered":"<div class=\"wp-block-group alignfull has-background-background-color has-background is-layout-flow wp-block-group-is-layout-flow\" style=\"margin-top:0;margin-bottom:0;padding-top:0;padding-right:var(--wp--preset--spacing--20);padding-bottom:var(--wp--preset--spacing--20);padding-left:var(--wp--preset--spacing--20)\">\n<div class=\"wp-block-cover aligncenter is-style-default wp-duotone-unset-1\" style=\"min-height:782px;aspect-ratio:unset;\"><img loading=\"lazy\" decoding=\"async\" width=\"1280\" height=\"720\" class=\"wp-block-cover__image-background wp-image-639 size-full\" alt=\"eye, iris, pupil, view, focus, woman, close up, portrait, girl, person, the shade, freckles, lighting, eye, eye, eye, eye, eye, focus, focus\" src=\"https:\/\/nodocontextual.es\/wp-content\/uploads\/2026\/01\/g82426a1452b751d8f737a9d7c25eb0f5947b608f1a13cecaa572e2533b14cfda0242ae537b7905e3e2c1c46d598d94a8b7c7cf39c059e39d9801d3d8f7699eb6_1280-2683414.jpg\" data-object-fit=\"cover\" srcset=\"https:\/\/nodocontextual.es\/wp-content\/uploads\/2026\/01\/g82426a1452b751d8f737a9d7c25eb0f5947b608f1a13cecaa572e2533b14cfda0242ae537b7905e3e2c1c46d598d94a8b7c7cf39c059e39d9801d3d8f7699eb6_1280-2683414.jpg 1280w, https:\/\/nodocontextual.es\/wp-content\/uploads\/2026\/01\/g82426a1452b751d8f737a9d7c25eb0f5947b608f1a13cecaa572e2533b14cfda0242ae537b7905e3e2c1c46d598d94a8b7c7cf39c059e39d9801d3d8f7699eb6_1280-2683414-300x169.jpg 300w, https:\/\/nodocontextual.es\/wp-content\/uploads\/2026\/01\/g82426a1452b751d8f737a9d7c25eb0f5947b608f1a13cecaa572e2533b14cfda0242ae537b7905e3e2c1c46d598d94a8b7c7cf39c059e39d9801d3d8f7699eb6_1280-2683414-1024x576.jpg 1024w, https:\/\/nodocontextual.es\/wp-content\/uploads\/2026\/01\/g82426a1452b751d8f737a9d7c25eb0f5947b608f1a13cecaa572e2533b14cfda0242ae537b7905e3e2c1c46d598d94a8b7c7cf39c059e39d9801d3d8f7699eb6_1280-2683414-768x432.jpg 768w\" sizes=\"auto, (max-width: 1280px) 100vw, 1280px\" \/><span aria-hidden=\"true\" class=\"wp-block-cover__background has-background-dim\" style=\"background-color:#574a36\"><\/span><div class=\"wp-block-cover__inner-container is-layout-flow wp-block-cover-is-layout-flow\">\n<pre class=\"wp-block-preformatted has-background-color has-text-color has-link-color has-large-font-size wp-elements-6cfbbbcda1fbb35731d2799a7845d52d\">Porque tu conducta<\/pre>\n\n\n\n<div class=\"wp-block-essential-blocks-typing-text  root-eb-typing-text-dndnu\"><div class=\"eb-parent-wrapper eb-parent-eb-typing-text-dndnu\"><div class=\"eb-typed-wrapper eb-typing-text-dndnu\" data-id=\"eb-typing-text-dndnu\"><div class=\"eb-typed-content\" data-type-speed=\"50\" data-start-delay=\"0\" data-smart-backspace=\"true\" data-back-speed=\"40\" data-back-delay=\"700\" data-fade=\"false\" data-fade-delay=\"500\" data-loop=\"true\" data-cursor=\"true\"><span class=\"eb-typed-prefix\"><\/span><span class=\"eb-typed-text-wrapper is-hidden\"><span class=\"eb-typed-text\">ocurre en un contexto<\/span><\/span><span class=\"eb-typed-view\"><\/span><span class=\"eb-typed-suffix\"><\/span><\/div><\/div><\/div><\/div>\n<\/div><\/div>\n<\/div>\n\n\n\n<div class=\"wp-block-group alignfull has-tertiary-background-color has-background has-global-padding is-layout-constrained wp-container-core-group-is-layout-7276a2bb wp-block-group-is-layout-constrained\" id=\"acerca-de\" style=\"margin-top:0;margin-bottom:0;padding-top:var(--wp--preset--spacing--60);padding-right:var(--wp--preset--spacing--30);padding-bottom:var(--wp--preset--spacing--60);padding-left:var(--wp--preset--spacing--30)\">\n<div class=\"wp-block-columns alignwide is-layout-flex wp-container-core-columns-is-layout-47c06fe3 wp-block-columns-is-layout-flex\">\n<div class=\"wp-block-column is-vertically-aligned-center is-layout-flow wp-container-core-column-is-layout-119bc444 wp-block-column-is-layout-flow\" style=\"flex-basis:60%\">\n<div class=\"wp-block-essential-blocks-typing-text  root-eb-typing-text-cm8y6\"><div class=\"eb-parent-wrapper eb-parent-eb-typing-text-cm8y6\"><div class=\"eb-typed-wrapper eb-typing-text-cm8y6\" data-id=\"eb-typing-text-cm8y6\"><div class=\"eb-typed-content\" data-type-speed=\"20\" data-start-delay=\"0\" data-smart-backspace=\"true\" data-back-speed=\"40\" data-back-delay=\"700\" data-fade=\"true\" data-fade-delay=\"800\" data-loop=\"true\" data-cursor=\"true\"><span class=\"eb-typed-prefix\">Un <\/span><span class=\"eb-typed-text-wrapper is-hidden\"><span class=\"eb-typed-text\">momento espec\u00edfico<\/span><span class=\"eb-typed-text\">contexto cultural<\/span><span class=\"eb-typed-text\">universo privado<\/span><\/span><span class=\"eb-typed-view\"><\/span><span class=\"eb-typed-suffix\"><\/span><\/div><\/div><\/div><\/div>\n\n\n\n<div class=\"wp-block-buttons is-content-justification-left is-layout-flex wp-container-core-buttons-is-layout-fc4fd283 wp-block-buttons-is-layout-flex\">\n<div class=\"wp-block-button is-style-outline is-style-outline--2\"><a class=\"wp-block-button__link wp-element-button\" href=\"https:\/\/forms.gle\/gAUG7hyMxYkaNcea7\">Request an Appointment<\/a><\/div>\n<\/div>\n<\/div>\n\n\n\n<div class=\"wp-block-column is-vertically-aligned-top is-layout-flow wp-container-core-column-is-layout-19eabfb7 wp-block-column-is-layout-flow\" style=\"flex-basis:50%\">\n<figure class=\"wp-block-gallery aligncenter has-nested-images columns-default is-cropped wp-block-gallery-5 is-layout-flex wp-block-gallery-is-layout-flex\">\n<figure class=\"wp-block-image size-full is-style-ext-preset--image--brutalism-1--image-1--content-bottom wp-duotone-unset-4 is-style-ext-preset--image--brutalism-1--image-1--content-bottom--3\"><img loading=\"lazy\" decoding=\"async\" width=\"594\" height=\"792\" data-id=\"752\" src=\"https:\/\/nodocontextual.es\/wp-content\/uploads\/2026\/01\/33597518-89C4-428A-AB81-54A7D85D954F_1_105_c-edited.jpeg\" alt=\"\" class=\"wp-image-752\" style=\"object-fit:contain\" srcset=\"https:\/\/nodocontextual.es\/wp-content\/uploads\/2026\/01\/33597518-89C4-428A-AB81-54A7D85D954F_1_105_c-edited.jpeg 594w, https:\/\/nodocontextual.es\/wp-content\/uploads\/2026\/01\/33597518-89C4-428A-AB81-54A7D85D954F_1_105_c-edited-225x300.jpeg 225w\" sizes=\"auto, (max-width: 594px) 100vw, 594px\" \/><\/figure>\n<\/figure>\n<\/div>\n\n\n\n<div class=\"wp-block-column is-layout-flow wp-block-column-is-layout-flow\"><\/div>\n<\/div>\n<\/div>\n\n\n\n<div class=\"wp-block-group alignfull has-tertiary-background-color has-background has-global-padding is-layout-constrained wp-container-core-group-is-layout-7276a2bb wp-block-group-is-layout-constrained\" style=\"margin-top:0;margin-bottom:0;padding-top:var(--wp--preset--spacing--60);padding-right:var(--wp--preset--spacing--30);padding-bottom:var(--wp--preset--spacing--60);padding-left:var(--wp--preset--spacing--30)\">\n<div class=\"wp-block-group alignwide has-global-padding is-content-justification-center is-layout-constrained wp-block-group-is-layout-constrained\">\n<h2 class=\"wp-block-heading has-text-align-center has-large-font-size\">Your health, our priority<\/h2>\n\n\n\n<p class=\"has-text-align-center\">Descubre como te acompa\u00f1amos con un enfoque cient\u00edfico                                                        y personalizado a ti y tu contexto.<\/p>\n<\/div>\n\n\n\n<div class=\"wp-block-columns alignwide is-layout-flex wp-container-core-columns-is-layout-d0846407 wp-block-columns-is-layout-flex\">\n<div class=\"wp-block-column is-layout-flow wp-block-column-is-layout-flow\">\n<div class=\"wp-block-group has-background-background-color has-background has-global-padding is-layout-constrained wp-container-core-group-is-layout-f90d3be4 wp-block-group-is-layout-constrained\" style=\"border-radius:1rem;min-height:100%;padding-top:var(--wp--preset--spacing--40);padding-right:var(--wp--preset--spacing--30);padding-bottom:var(--wp--preset--spacing--40);padding-left:var(--wp--preset--spacing--30)\">\n<div class=\"wp-block-group is-layout-grid wp-container-core-group-is-layout-478b6e6b wp-block-group-is-layout-grid\">\n<div class=\"wp-block-group has-background-color has-foreground-background-color has-text-color has-background has-link-color wp-elements-2aca222404e1a42d87b2c4ca1562033d is-vertical is-content-justification-center is-layout-flex wp-container-core-group-is-layout-5da48540 wp-block-group-is-layout-flex\" style=\"border-radius:20rem;min-height:96px;padding-top:var(--wp--preset--spacing--20);padding-right:var(--wp--preset--spacing--20);padding-bottom:var(--wp--preset--spacing--20);padding-left:var(--wp--preset--spacing--20)\">\n<p style=\"font-size:clamp(1.188rem, 1.188rem + ((1vw - 0.2rem) * 1.153), 1.88rem);font-style:normal;font-weight:500\">Assessment<\/p>\n<\/div>\n<\/div>\n\n\n\n<h3 class=\"wp-block-heading has-text-align-center\" style=\"margin-top:24px;font-size:clamp(14px, 0.875rem + ((1vw - 3.2px) * 0.625), 20px);line-height:1.5\">Personalized Assessment<\/h3>\n\n\n\n<p class=\"has-text-align-center has-small-font-size\" style=\"margin-top:8px\">Exploramos tu <strong>historia<\/strong> <strong>personal<\/strong>, tu <strong>contexto<\/strong> y condiciones que <strong>mantienen        el malestar<\/strong><\/p>\n<\/div>\n<\/div>\n\n\n\n<div class=\"wp-block-column is-vertically-aligned-stretch is-layout-flow wp-block-column-is-layout-flow\">\n<div class=\"wp-block-group has-background-background-color has-background has-global-padding is-layout-constrained wp-container-core-group-is-layout-f90d3be4 wp-block-group-is-layout-constrained\" style=\"border-radius:1rem;min-height:100%;padding-top:var(--wp--preset--spacing--40);padding-right:var(--wp--preset--spacing--30);padding-bottom:var(--wp--preset--spacing--40);padding-left:var(--wp--preset--spacing--30)\">\n<div class=\"wp-block-group has-background-color has-foreground-background-color has-text-color has-background has-link-color wp-elements-2188fe1e82af96f5659ead68f1b1ebc7 is-vertical is-content-justification-center is-layout-flex wp-container-core-group-is-layout-5da48540 wp-block-group-is-layout-flex\" style=\"border-radius:20rem;min-height:96px;padding-top:var(--wp--preset--spacing--20);padding-right:var(--wp--preset--spacing--20);padding-bottom:var(--wp--preset--spacing--20);padding-left:var(--wp--preset--spacing--20)\">\n<p class=\"has-text-align-center\" style=\"font-size:clamp(1.188rem, 1.188rem + ((1vw - 0.2rem) * 1.153), 1.88rem);font-style:normal;font-weight:500\">An\u00e1lisis Funcional<\/p>\n<\/div>\n\n\n\n<h3 class=\"wp-block-heading has-text-align-center\" style=\"margin-top:24px;font-size:clamp(14px, 0.875rem + ((1vw - 3.2px) * 0.625), 20px);line-height:1.5\">Your Personal \"Map\"<\/h3>\n\n\n\n<p class=\"has-text-align-center has-small-font-size\" style=\"margin-top:8px\">Te <strong>devolvemos<\/strong> y <strong>explicamos<\/strong> tu comportamiento y acordamos como intervenir<\/p>\n<\/div>\n<\/div>\n\n\n\n<div class=\"wp-block-column is-layout-flow wp-block-column-is-layout-flow\">\n<div class=\"wp-block-group has-background-background-color has-background has-global-padding is-layout-constrained wp-container-core-group-is-layout-f90d3be4 wp-block-group-is-layout-constrained\" style=\"border-radius:1rem;min-height:100%;padding-top:var(--wp--preset--spacing--40);padding-right:var(--wp--preset--spacing--30);padding-bottom:var(--wp--preset--spacing--40);padding-left:var(--wp--preset--spacing--30)\">\n<div class=\"wp-block-group is-layout-grid wp-container-core-group-is-layout-478b6e6b wp-block-group-is-layout-grid\">\n<div class=\"wp-block-group has-border-color has-tertiary-border-color has-background-color has-foreground-background-color has-text-color has-background has-link-color wp-elements-1d24e63ff0dbc4a11b4fbd7be242eb3f is-vertical is-content-justification-center is-layout-flex wp-container-core-group-is-layout-5da48540 wp-block-group-is-layout-flex\" style=\"border-width:1px;border-radius:20rem;min-height:96px;padding-top:var(--wp--preset--spacing--20);padding-right:var(--wp--preset--spacing--20);padding-bottom:var(--wp--preset--spacing--20);padding-left:var(--wp--preset--spacing--20)\">\n<p style=\"font-size:clamp(1.188rem, 1.188rem + ((1vw - 0.2rem) * 1.153), 1.88rem);font-style:normal;font-weight:500\">Intervention<\/p>\n<\/div>\n<\/div>\n\n\n\n<h3 class=\"wp-block-heading has-text-align-center\" style=\"margin-top:24px;font-size:clamp(14px, 0.875rem + ((1vw - 3.2px) * 0.625), 20px);line-height:1.5\">Your Plan to Change<\/h3>\n\n\n\n<p class=\"has-text-align-center has-small-font-size\" style=\"margin-top:8px\"><strong>Creamos<\/strong> y <strong>ejecutamos<\/strong> un plan personalizado orientado                a tus <strong>valores<\/strong><\/p>\n<\/div>\n<\/div>\n\n\n\n<div class=\"wp-block-column is-layout-flow wp-block-column-is-layout-flow\">\n<div class=\"wp-block-group has-background-background-color has-background has-global-padding is-layout-constrained wp-container-core-group-is-layout-f90d3be4 wp-block-group-is-layout-constrained\" style=\"border-radius:1rem;min-height:100%;padding-top:var(--wp--preset--spacing--40);padding-right:var(--wp--preset--spacing--30);padding-bottom:var(--wp--preset--spacing--40);padding-left:var(--wp--preset--spacing--30)\">\n<div class=\"wp-block-group is-layout-grid wp-container-core-group-is-layout-478b6e6b wp-block-group-is-layout-grid\">\n<div class=\"wp-block-group has-border-color has-tertiary-border-color has-background-color has-foreground-background-color has-text-color has-background has-link-color wp-elements-726c8ccc2034fe00222a2b1b0efc0b3e is-vertical is-content-justification-center is-layout-flex wp-container-core-group-is-layout-5da48540 wp-block-group-is-layout-flex\" style=\"border-width:1px;border-radius:20rem;min-height:96px;padding-top:var(--wp--preset--spacing--20);padding-right:var(--wp--preset--spacing--20);padding-bottom:var(--wp--preset--spacing--20);padding-left:var(--wp--preset--spacing--20)\">\n<p style=\"font-size:clamp(1.188rem, 1.188rem + ((1vw - 0.2rem) * 1.153), 1.88rem);font-style:normal;font-weight:500\">Follow-up<\/p>\n<\/div>\n<\/div>\n\n\n\n<h3 class=\"wp-block-heading has-text-align-center\" style=\"margin-top:24px;font-size:clamp(14px, 0.875rem + ((1vw - 3.2px) * 0.625), 20px);line-height:1.5\">Consolidation<\/h3>\n\n\n\n<p class=\"has-text-align-center has-small-font-size\" style=\"margin-top:8px\"><strong>No<\/strong> <strong>nos olvidamos de ti. <\/strong>Haremos un seguimiento peri\u00f3dico para asegurar que los <strong>cambios<\/strong> sean <strong>sostenibles<\/strong><\/p>\n<\/div>\n<\/div>\n<\/div>\n<\/div>\n\n\n<h2 class=\"alignwide wp-block-post-title\">NodoContextual<\/h2>\n\n\n<p><\/p>\n\n\n<div class=\"root-eb-form-sk7vq alignwide wp-block-essential-blocks-form\">\n    <div class=\"eb-parent-wrapper eb-parent-eb-form-sk7vq\">\n        <div id=\"eb-form-sk7vq\" class=\"eb-form-sk7vq eb-form-wrapper\">\n            <form id=\"ebf-a5815a\"\n                class=\"eb-form form-layout-block form-style-classic\" action=\"\" data-trp-original-action=\"\">\n                <div class=\"eb-form-fields\">\n                                        \n\n<div class=\"wp-block-essential-blocks-row alignfull  root-eb-row-s4nsf\"><div class=\"eb-parent-wrapper eb-parent-eb-row-s4nsf\"><div class=\"eb-row-root-container eb-row-s4nsf\" data-id=\"eb-row-s4nsf\"><div class=\"eb-row-wrapper\"><div class=\"eb-row-inner\">\n<div class=\"wp-block-essential-blocks-column  root-eb-column-rmysn\"><div class=\"eb-parent-wrapper eb-parent-eb-column-rmysn\"><div class=\"eb-column-wrapper eb-column-rmysn\"><div class=\"eb-column-inner\">\n<div class=\"wp-block-essential-blocks-form-text-field eb-form-field root-eb-text-field-hvkyg\"><div class=\"eb-parent-wrapper eb-parent-eb-text-field-hvkyg\"><div class=\"eb-text-field-hvkyg eb-text-field-wrapper eb-field-wrapper\"><label for=\"first-name\">Name <span class=\"eb-required\">*<\/span><\/label><div class=\"eb-field-input-wrap\"><input type=\"text\" id=\"first-name\" name=\"first-name\" class=\"eb-field-input\" placeholder=\"\" \/><\/div><div class=\"eb-form-validation eb-validate-first-name\">This field is required.<\/div><\/div><\/div><\/div>\n<\/div><\/div><\/div><\/div>\n\n\n\n<div class=\"wp-block-essential-blocks-column  root-eb-column-obue5\"><div class=\"eb-parent-wrapper eb-parent-eb-column-obue5\"><div class=\"eb-column-wrapper eb-column-obue5\"><div class=\"eb-column-inner\">\n<div class=\"wp-block-essential-blocks-form-text-field eb-form-field root-eb-text-field-yjmgk\"><div class=\"eb-parent-wrapper eb-parent-eb-text-field-yjmgk\"><div class=\"eb-text-field-yjmgk eb-text-field-wrapper eb-field-wrapper\"><label for=\"\">Last Names <span class=\"eb-required\">*<\/span><\/label><div class=\"eb-field-input-wrap\"><input type=\"text\" id=\"\" name=\"\" class=\"eb-field-input\" placeholder=\"\" \/><\/div><div class=\"eb-form-validation eb-validate-\"><\/div><\/div><\/div><\/div>\n<\/div><\/div><\/div><\/div>\n<\/div><\/div><\/div><\/div><\/div>\n\n\n\n<div class=\"wp-block-essential-blocks-form-email-field eb-form-field root-eb-email-field-uvejr\"><div class=\"eb-parent-wrapper eb-parent-eb-email-field-uvejr\"><div class=\"eb-email-field-uvejr eb-email-field-wrapper eb-field-wrapper\"><label for=\"email\">Email <span class=\"eb-required\">*<\/span><\/label><div class=\"eb-field-input-wrap\"><i icon=\"far fa-envelope\" class=\"far fa-envelope eb-input-icon\"><\/i><input type=\"email\" id=\"email\" name=\"email\" class=\"eb-field-input\" placeholder=\"\" \/><\/div><div class=\"eb-form-validation eb-validate-email\">This field is required.<\/div><\/div><\/div><\/div>\n\n\n\n<div class=\"wp-block-essential-blocks-form-number-field eb-form-field root-eb-number-field-vouoj\"><div class=\"eb-parent-wrapper eb-parent-eb-number-field-vouoj\"><div class=\"eb-number-field-vouoj eb-number-field-wrapper eb-field-wrapper\"><label for=\"phone\">Phone Number <span class=\"eb-required\">*<\/span><\/label><div class=\"eb-field-input-wrap\"><i icon=\"fas fa-phone\" class=\"fas fa-phone eb-input-icon\"><\/i><input type=\"number\" id=\"phone\" name=\"phone\" class=\"eb-field-input\" placeholder=\"\" required \/><\/div><div class=\"eb-form-validation eb-validate-phone\">This field is required.<\/div><\/div><\/div><\/div>\n\n\n\n<div class=\"wp-block-essential-blocks-form-textarea-field eb-form-field root-eb-textarea-field-u9g7u\"><div class=\"eb-parent-wrapper eb-parent-eb-textarea-field-u9g7u\"><div class=\"eb-textarea-field-u9g7u eb-textarea-field-wrapper eb-field-wrapper\"><label for=\"message\">How can we help? <\/label><div class=\"eb-field-input-wrap\"><i icon=\"far fa-edit\" class=\"far fa-edit eb-input-icon\"><\/i><textarea rows=\"3\" id=\"message\" class=\"eb-field-input\" name=\"message\" placeholder=\"\"><\/textarea><\/div><\/div><\/div><\/div>\n\n\n\n<div class=\"wp-block-essential-blocks-form-checkbox-field eb-form-field root-eb-checkbox-field-wb8dq\"><div class=\"eb-parent-wrapper eb-parent-eb-checkbox-field-wb8dq\"><div class=\"eb-checkbox-field-wb8dq eb-checkbox-field-wrapper eb-field-wrapper\"><label for=\"checkbox-field\" class=\"eb-field-label\">GDPR Agreement <span class=\"eb-required\">*<\/span><\/label><div class=\"eb-checkbox-inputarea\"><label for=\"checkbox_1\"><input id=\"checkbox_1\" name=\"checkbox-field\" value=\"checkbox_1\" type=\"checkbox\" \/> I consent to this website storing the information I submit so they can respond to my request.<\/label><\/div><div class=\"eb-form-validation eb-validate-checkbox-field\">This field is required.<\/div><\/div><\/div><\/div>\n\n                <\/div>\n                <input class=\"form-nonce\" type=\"hidden\" name=\"form-nonce\" value=\"a0f1421129\" \/>\n                <div class=\"eb-form-submit\">\n                                        <button type=\"submit\" class=\"btn btn-primary eb-form-submit-button\" data-id=\"eb-form-sk7vq\" data-form-id=\"ebf-a5815a\">\n                Send\n                <img decoding=\"async\" class=\"eb-form-submit-loader\" src=\"https:\/\/nodocontextual.es\/wp-content\/plugins\/essential-blocks\/assets\/images\/loading.svg\" \/>\n            <\/button>                <\/div>\n            <input type=\"hidden\" name=\"trp-form-language\" value=\"en\"\/><\/form>\n            <div class=\"eb_form_submit_response\" data-confirmation-type=\"message\" data-success=\"\u00a1Hemos recibido tu solicitud! Nos pondremos en contacto contigo cuanto antes. |We have received your request! We will contact you as soon as possible.\" data-error=\"Error al enviar. Int\u00e9ntalo de nuevo o cont\u00e1ctanos en info@nodocontextual.es. |Error submitting form. Please try again or email info@nodocontextual.es\"><\/div>        <\/div>\n    <\/div>\n<\/div>","protected":false},"excerpt":{"rendered":"<p>Tu bienestar, nuestra prioridad Descubre como te acompa\u00f1amos con un enfoque cient\u00edfico y personalizado a ti y tu contexto. Evaluaci\u00f3n Evaluaci\u00f3n Personalizada Exploramos tu historia personal, tu contexto y condiciones que mantienen el malestar An\u00e1lisis Funcional Tu \u00abMapa\u00bb Personal Te devolvemos y explicamos tu comportamiento y acordamos como intervenir Intervenci\u00f3n Tu Plan de Cambio Creamos [&hellip;]<\/p>\n","protected":false},"author":1,"featured_media":0,"parent":0,"menu_order":0,"comment_status":"closed","ping_status":"closed","template":"","meta":{"_eb_attr":"","footnotes":""},"class_list":["post-17","page","type-page","status-publish","hentry"],"_links":{"self":[{"href":"https:\/\/nodocontextual.es\/en\/wp-json\/wp\/v2\/pages\/17","targetHints":{"allow":["GET"]}}],"collection":[{"href":"https:\/\/nodocontextual.es\/en\/wp-json\/wp\/v2\/pages"}],"about":[{"href":"https:\/\/nodocontextual.es\/en\/wp-json\/wp\/v2\/types\/page"}],"author":[{"embeddable":true,"href":"https:\/\/nodocontextual.es\/en\/wp-json\/wp\/v2\/users\/1"}],"replies":[{"embeddable":true,"href":"https:\/\/nodocontextual.es\/en\/wp-json\/wp\/v2\/comments?post=17"}],"version-history":[{"count":2,"href":"https:\/\/nodocontextual.es\/en\/wp-json\/wp\/v2\/pages\/17\/revisions"}],"predecessor-version":[{"id":2436,"href":"https:\/\/nodocontextual.es\/en\/wp-json\/wp\/v2\/pages\/17\/revisions\/2436"}],"wp:attachment":[{"href":"https:\/\/nodocontextual.es\/en\/wp-json\/wp\/v2\/media?parent=17"}],"curies":[{"name":"wp","href":"https:\/\/api.w.org\/{rel}","templated":true}]}}