{"id":14,"date":"2025-11-13T09:35:55","date_gmt":"2025-11-13T09:35:55","guid":{"rendered":"https:\/\/nodocontextual.es\/faq\/"},"modified":"2026-03-24T14:52:12","modified_gmt":"2026-03-24T14:52:12","slug":"preguntasfrecuentes","status":"publish","type":"page","link":"https:\/\/nodocontextual.es\/en\/preguntasfrecuentes\/","title":{"rendered":"FAQ"},"content":{"rendered":"<div class=\"wp-block-group alignfull has-custom-soft-blue-background-color has-background has-global-padding is-layout-constrained wp-container-core-group-is-layout-c4eaa151 wp-block-group-is-layout-constrained block-visibility-hide-small-screen\" id=\"preguntas-frecuentes\" style=\"margin-top:0;margin-bottom:0;padding-top:0;padding-right:var(--wp--preset--spacing--20);padding-bottom:0;padding-left:var(--wp--preset--spacing--20)\">\n<div class=\"wp-block-columns alignwide has-custom-soft-blue-background-color has-background is-layout-flex wp-container-core-columns-is-layout-47c06fe3 wp-block-columns-is-layout-flex\" style=\"border-top-left-radius:1.5rem;border-top-right-radius:1.5rem;border-bottom-left-radius:1.5rem;border-bottom-right-radius:1.5rem\">\n<div class=\"wp-block-column is-layout-flow wp-container-core-column-is-layout-f5bb311e wp-block-column-is-layout-flow\">\n<div class=\"wp-block-group wp-container-content-958eb9dc has-global-padding is-layout-constrained wp-block-group-is-layout-constrained\">\n<h2 class=\"wp-block-heading has-medium-font-size\" style=\"margin-top:var(--wp--preset--spacing--30);margin-bottom:0;line-height:1.5\">Do you offer in-person therapy? <\/h2>\n\n\n\n<p class=\"has-small-font-size translation-block\" style=\"margin-top:0px;margin-bottom:0\">No, we only offer therapy in an online format.<\/p>\n<\/div>\n\n\n\n<div class=\"wp-block-group wp-container-content-958eb9dc has-global-padding is-layout-constrained wp-block-group-is-layout-constrained\">\n<h2 class=\"wp-block-heading has-medium-font-size\" style=\"line-height:1.5\">What are your hours? <\/h2>\n\n\n\n<p class=\"has-small-font-size\" style=\"margin-top:4px\">Monday to Friday, mornings and afternoons in <strong>Spanish peninsular time.<\/strong><\/p>\n<\/div>\n\n\n\n<div class=\"wp-block-group wp-container-content-958eb9dc has-global-padding is-layout-constrained wp-block-group-is-layout-constrained\">\n<h2 class=\"wp-block-heading has-medium-font-size\" style=\"line-height:1.5\">What is the duration of the therapy sessions?<\/h2>\n\n\n\n<p class=\"has-small-font-size\" style=\"margin-top:4px\">Each session has an <strong>approximate duration of 55 minutes.<\/strong><\/p>\n<\/div>\n\n\n\n<div class=\"wp-block-group wp-container-content-958eb9dc has-global-padding is-layout-constrained wp-block-group-is-layout-constrained\">\n<h2 class=\"wp-block-heading has-medium-font-size\" style=\"line-height:1.5\">What payment methods do you accept?<\/h2>\n\n\n\n<p class=\"has-small-font-size\" style=\"margin-top:4px\">Bank Transfer or Credit Card.<\/p>\n<\/div>\n\n\n\n<div class=\"wp-block-group wp-container-content-958eb9dc has-global-padding is-layout-constrained wp-block-group-is-layout-constrained\">\n<h2 class=\"wp-block-heading has-medium-font-size\" style=\"line-height:1.5\">When is the session paid for?<\/h2>\n\n\n\n<p class=\"has-small-font-size\" style=\"margin-top:4px\"><strong>Before the session.<\/strong>Once the session is scheduled, your therapist will send you the appointment information via e-mail with the payment link. <\/p>\n<\/div>\n\n\n\n<div class=\"wp-block-group wp-container-content-958eb9dc has-global-padding is-layout-constrained wp-block-group-is-layout-constrained\">\n<h2 class=\"wp-block-heading has-medium-font-size\" style=\"line-height:1.5\">How frequent are the sessions?<\/h2>\n\n\n\n<p class=\"has-small-font-size\" style=\"margin-top:4px\">The frequency of the sessions will be scheduled with your therapist and depends on the needs assessed by the therapist and your possibilities (e.g., financial, availability, etc...).<\/p>\n<\/div>\n\n\n\n<div class=\"wp-block-group wp-container-content-958eb9dc has-global-padding is-layout-constrained wp-block-group-is-layout-constrained\">\n<h2 class=\"wp-block-heading has-medium-font-size\" style=\"line-height:1.5\">How many therapy sessions will be needed?<\/h2>\n\n\n\n<p class=\"has-small-font-size\" style=\"margin-top:4px\">This <strong>depends<\/strong> on: the frequency of the sessions, type of problem, involvement of the client, etc... We always <strong>work with the lowest amount possible. <\/strong><\/p>\n<\/div>\n\n\n\n<div class=\"wp-block-buttons is-layout-flex wp-container-core-buttons-is-layout-b65fc00c wp-block-buttons-is-layout-flex\" style=\"padding-right:0;padding-left:0\">\n<div class=\"wp-block-button\"><a class=\"wp-block-button__link has-custom-dark-teal-color has-text-color has-link-color has-poppins-font-family has-medium-font-size has-custom-font-size wp-element-button\" href=\"https:\/\/forms.gle\/GxiPLi8P293Vy72P8\" style=\"border-top-left-radius:50px;border-top-right-radius:50px;border-bottom-left-radius:50px;border-bottom-right-radius:50px;padding-top:var(--wp--preset--spacing--20);padding-right:var(--wp--preset--spacing--40);padding-bottom:var(--wp--preset--spacing--20);padding-left:var(--wp--preset--spacing--40)\">Request an Appointment<\/a><\/div>\n<\/div>\n<\/div>\n\n\n\n<div class=\"wp-block-column is-vertically-aligned-stretch is-layout-flow wp-container-core-column-is-layout-8a368f38 wp-block-column-is-layout-flow\">\n<div class=\"wp-block-cover is-light is-style-default\" style=\"border-top-left-radius:20px;border-top-right-radius:20px;border-bottom-left-radius:20px;border-bottom-right-radius:20px;margin-top:var(--wp--preset--spacing--20);margin-bottom:var(--wp--preset--spacing--20);padding-top:var(--wp--preset--spacing--30);padding-right:var(--wp--preset--spacing--20);padding-bottom:var(--wp--preset--spacing--30);padding-left:var(--wp--preset--spacing--20);min-height:855px;aspect-ratio:unset;\"><img loading=\"lazy\" decoding=\"async\" width=\"768\" height=\"1024\" class=\"wp-block-cover__image-background wp-image-1561 size-large\" alt=\"\" src=\"https:\/\/nodocontextual.es\/wp-content\/uploads\/2026\/02\/Terapia-Online_Psychology-768x1024.jpg\" data-object-fit=\"cover\" srcset=\"https:\/\/nodocontextual.es\/wp-content\/uploads\/2026\/02\/Terapia-Online_Psychology-768x1024.jpg 768w, https:\/\/nodocontextual.es\/wp-content\/uploads\/2026\/02\/Terapia-Online_Psychology-225x300.jpg 225w, https:\/\/nodocontextual.es\/wp-content\/uploads\/2026\/02\/Terapia-Online_Psychology-1152x1536.jpg 1152w, https:\/\/nodocontextual.es\/wp-content\/uploads\/2026\/02\/Terapia-Online_Psychology-1536x2048.jpg 1536w, https:\/\/nodocontextual.es\/wp-content\/uploads\/2026\/02\/Terapia-Online_Psychology-scaled.jpg 1920w\" sizes=\"auto, (max-width: 768px) 100vw, 768px\" \/><span aria-hidden=\"true\" class=\"wp-block-cover__background has-background-dim-0 has-background-dim\"><\/span><div class=\"wp-block-cover__inner-container has-global-padding is-layout-constrained wp-container-core-cover-is-layout-1348d013 wp-block-cover-is-layout-constrained\">\n<p><\/p>\n<\/div><\/div>\n<\/div>\n<\/div>\n<\/div>\n\n\n\n<div class=\"wp-block-group alignfull has-custom-soft-blue-background-color has-background has-global-padding is-layout-constrained wp-container-core-group-is-layout-ccf55a1d wp-block-group-is-layout-constrained block-visibility-hide-large-screen block-visibility-hide-medium-screen\" id=\"preguntas-frecuentes\" style=\"margin-top:0;margin-bottom:0;padding-top:var(--wp--preset--spacing--20);padding-right:var(--wp--preset--spacing--20);padding-bottom:var(--wp--preset--spacing--20);padding-left:var(--wp--preset--spacing--20)\">\n<div class=\"wp-block-columns alignwide has-custom-soft-blue-background-color has-background is-layout-flex wp-container-core-columns-is-layout-47c06fe3 wp-block-columns-is-layout-flex\" style=\"border-top-left-radius:1.5rem;border-top-right-radius:1.5rem;border-bottom-left-radius:1.5rem;border-bottom-right-radius:1.5rem\">\n<div class=\"wp-block-column is-layout-flow wp-container-core-column-is-layout-c729ce03 wp-block-column-is-layout-flow\" style=\"padding-top:var(--wp--preset--spacing--20)\">\n<div class=\"wp-block-group wp-container-content-958eb9dc has-global-padding is-layout-constrained wp-block-group-is-layout-constrained\">\n<h2 class=\"wp-block-heading\" style=\"font-size:clamp(15.747px, 0.984rem + ((1vw - 3.2px) * 0.86), 24px);line-height:1.5\">Do you offer in-person therapy? <\/h2>\n\n\n\n<p style=\"margin-top:0px;margin-bottom:0;font-size:clamp(14px, 0.875rem + ((1vw - 3.2px) * 0.625), 20px);\" class=\"translation-block\">No, we only offer therapy in an online format.<\/p>\n<\/div>\n\n\n\n<div class=\"wp-block-group wp-container-content-958eb9dc has-global-padding is-layout-constrained wp-block-group-is-layout-constrained\">\n<h2 class=\"wp-block-heading\" style=\"font-size:clamp(15.747px, 0.984rem + ((1vw - 3.2px) * 0.86), 24px);line-height:1.5\">What are your hours? <\/h2>\n\n\n\n<p style=\"margin-top:4px;font-size:clamp(14px, 0.875rem + ((1vw - 3.2px) * 0.625), 20px);\">Monday to Friday, mornings and afternoons in <strong>Spanish peninsular time.<\/strong><\/p>\n<\/div>\n\n\n\n<div class=\"wp-block-group wp-container-content-958eb9dc has-global-padding is-layout-constrained wp-block-group-is-layout-constrained\">\n<h2 class=\"wp-block-heading\" style=\"font-size:clamp(15.747px, 0.984rem + ((1vw - 3.2px) * 0.86), 24px);line-height:1.5\">What is the duration of the therapy sessions?<\/h2>\n\n\n\n<p style=\"margin-top:4px;font-size:clamp(14px, 0.875rem + ((1vw - 3.2px) * 0.625), 20px);\">Each session has an <strong>approximate duration of 55 minutes.<\/strong><\/p>\n<\/div>\n\n\n\n<div class=\"wp-block-group wp-container-content-958eb9dc has-global-padding is-layout-constrained wp-block-group-is-layout-constrained\">\n<h2 class=\"wp-block-heading\" style=\"font-size:clamp(15.747px, 0.984rem + ((1vw - 3.2px) * 0.86), 24px);line-height:1.5\">What payment methods do you accept?<\/h2>\n\n\n\n<p style=\"margin-top:4px;font-size:clamp(14px, 0.875rem + ((1vw - 3.2px) * 0.625), 20px);\">Bank Transfer or Credit Card.<\/p>\n<\/div>\n\n\n\n<div class=\"wp-block-group wp-container-content-958eb9dc has-global-padding is-layout-constrained wp-block-group-is-layout-constrained\">\n<h2 class=\"wp-block-heading\" style=\"font-size:clamp(15.747px, 0.984rem + ((1vw - 3.2px) * 0.86), 24px);line-height:1.5\">When is the session paid for?<\/h2>\n\n\n\n<p style=\"margin-top:4px;font-size:clamp(14px, 0.875rem + ((1vw - 3.2px) * 0.625), 20px);\"><strong>Before the session.<\/strong>Once the session is scheduled, your therapist will send you the appointment information via e-mail with the payment link. <\/p>\n<\/div>\n\n\n\n<div class=\"wp-block-group wp-container-content-958eb9dc has-global-padding is-layout-constrained wp-block-group-is-layout-constrained\">\n<h2 class=\"wp-block-heading\" style=\"font-size:clamp(15.747px, 0.984rem + ((1vw - 3.2px) * 0.86), 24px);line-height:1.5\">How frequent are the sessions?<\/h2>\n\n\n\n<p style=\"margin-top:4px;font-size:clamp(14px, 0.875rem + ((1vw - 3.2px) * 0.625), 20px);\">The frequency of the sessions will be scheduled with your therapist and depends on the needs assessed by the therapist and your possibilities (e.g., financial, availability, etc...).<\/p>\n<\/div>\n\n\n\n<div class=\"wp-block-group wp-container-content-958eb9dc has-global-padding is-layout-constrained wp-block-group-is-layout-constrained\">\n<h2 class=\"wp-block-heading\" style=\"font-size:clamp(15.747px, 0.984rem + ((1vw - 3.2px) * 0.86), 24px);line-height:1.5\">How many therapy sessions will be needed?<\/h2>\n\n\n\n<p style=\"margin-top:4px;font-size:clamp(14px, 0.875rem + ((1vw - 3.2px) * 0.625), 20px);\">This <strong>depends<\/strong> on: the frequency of the sessions, type of problem, involvement of the client, etc... We always <strong>work with the lowest amount possible. <\/strong><\/p>\n<\/div>\n\n\n\n<div class=\"wp-block-buttons is-content-justification-center is-layout-flex wp-container-core-buttons-is-layout-a89b3969 wp-block-buttons-is-layout-flex\">\n<div class=\"wp-block-button has-custom-width wp-block-button__width-100\"><a class=\"wp-block-button__link has-custom-dark-teal-color has-text-color has-link-color has-poppins-font-family has-text-align-center has-custom-font-size wp-element-button\" href=\"https:\/\/forms.gle\/GxiPLi8P293Vy72P8\" style=\"border-top-left-radius:50px;border-top-right-radius:50px;border-bottom-left-radius:50px;border-bottom-right-radius:50px;padding-top:var(--wp--preset--spacing--20);padding-right:var(--wp--preset--spacing--20);padding-bottom:var(--wp--preset--spacing--20);padding-left:var(--wp--preset--spacing--20);font-size:clamp(15.747px, 0.984rem + ((1vw - 3.2px) * 0.86), 24px);\">Request an Appointment<\/a><\/div>\n<\/div>\n<\/div>\n\n\n\n<div class=\"wp-block-column is-vertically-aligned-stretch is-layout-flow wp-container-core-column-is-layout-119bc444 wp-block-column-is-layout-flow\">\n<div class=\"wp-block-group alignwide is-vertical is-layout-flex wp-container-core-group-is-layout-d6b9ab57 wp-block-group-is-layout-flex\" style=\"min-height:100%\">\n<figure class=\"wp-block-image size-full has-custom-border is-style-rounded\" style=\"margin-top:0;margin-right:0;margin-bottom:0;margin-left:0\"><img loading=\"lazy\" decoding=\"async\" width=\"1920\" height=\"2560\" src=\"https:\/\/nodocontextual.es\/wp-content\/uploads\/2026\/02\/pexels-bitugbaa-16088732-scaled.jpg\" alt=\"\" class=\"wp-image-1256\" style=\"border-top-left-radius:1.5rem;border-top-right-radius:1.5rem;border-bottom-left-radius:1.5rem;border-bottom-right-radius:1.5rem;aspect-ratio:3\/4;object-fit:cover\" srcset=\"https:\/\/nodocontextual.es\/wp-content\/uploads\/2026\/02\/pexels-bitugbaa-16088732-scaled.jpg 1920w, https:\/\/nodocontextual.es\/wp-content\/uploads\/2026\/02\/pexels-bitugbaa-16088732-225x300.jpg 225w, https:\/\/nodocontextual.es\/wp-content\/uploads\/2026\/02\/pexels-bitugbaa-16088732-768x1024.jpg 768w, https:\/\/nodocontextual.es\/wp-content\/uploads\/2026\/02\/pexels-bitugbaa-16088732-1152x1536.jpg 1152w, https:\/\/nodocontextual.es\/wp-content\/uploads\/2026\/02\/pexels-bitugbaa-16088732-1536x2048.jpg 1536w\" sizes=\"auto, (max-width: 1920px) 100vw, 1920px\" \/><\/figure>\n<\/div>\n<\/div>\n<\/div>\n<\/div>","protected":false},"excerpt":{"rendered":"<p>\u00bfOfrecen terapia presencial? No, solo ofrecemos terapia en modalidad online. \u00bfQu\u00e9 horarios tienen? Lunes a viernes, ma\u00f1anas y tardes en hora peninsular espa\u00f1ola. \u00bfQu\u00e9 duraci\u00f3n tienen las sesiones terap\u00e9uticas? Cada sesi\u00f3n tiene una duraci\u00f3n aproximada de 55 minutos. \u00bfQu\u00e9 m\u00e9todos de pago tienen? Transferencia o Tarjeta de Cr\u00e9dito. \u00bfCu\u00e1ndo se paga la sesi\u00f3n? Antes de [&hellip;]<\/p>\n","protected":false},"author":1,"featured_media":0,"parent":0,"menu_order":0,"comment_status":"closed","ping_status":"closed","template":"page-with-title","meta":{"_eb_attr":"","footnotes":""},"class_list":["post-14","page","type-page","status-publish","hentry"],"_links":{"self":[{"href":"https:\/\/nodocontextual.es\/en\/wp-json\/wp\/v2\/pages\/14","targetHints":{"allow":["GET"]}}],"collection":[{"href":"https:\/\/nodocontextual.es\/en\/wp-json\/wp\/v2\/pages"}],"about":[{"href":"https:\/\/nodocontextual.es\/en\/wp-json\/wp\/v2\/types\/page"}],"author":[{"embeddable":true,"href":"https:\/\/nodocontextual.es\/en\/wp-json\/wp\/v2\/users\/1"}],"replies":[{"embeddable":true,"href":"https:\/\/nodocontextual.es\/en\/wp-json\/wp\/v2\/comments?post=14"}],"version-history":[{"count":0,"href":"https:\/\/nodocontextual.es\/en\/wp-json\/wp\/v2\/pages\/14\/revisions"}],"wp:attachment":[{"href":"https:\/\/nodocontextual.es\/en\/wp-json\/wp\/v2\/media?parent=14"}],"curies":[{"name":"wp","href":"https:\/\/api.w.org\/{rel}","templated":true}]}}