{"id":12,"date":"2025-11-13T09:35:54","date_gmt":"2025-11-13T09:35:54","guid":{"rendered":"https:\/\/nodocontextual.es\/sobre\/"},"modified":"2026-03-17T09:42:41","modified_gmt":"2026-03-17T09:42:41","slug":"nuestroequipo","status":"publish","type":"page","link":"https:\/\/nodocontextual.es\/en\/nuestroequipo\/","title":{"rendered":"Our Team"},"content":{"rendered":"<div class=\"wp-block-cover alignfull is-light\" style=\"margin-top:0;margin-bottom:0;padding-top:0;padding-right:0;padding-bottom:0;padding-left:0\" id=\"equipo\"><span aria-hidden=\"true\" class=\"wp-block-cover__background has-custom-white-background-color has-background-dim-0 has-background-dim\"><\/span><div class=\"wp-block-cover__inner-container is-layout-flow wp-block-cover-is-layout-flow\">\n<div class=\"wp-block-group alignfull has-custom-soft-safe-green-background-color has-background is-vertical is-layout-flex wp-container-core-group-is-layout-12c0b01c wp-block-group-is-layout-flex\" id=\"equipo\" style=\"margin-top:0;margin-bottom:0;padding-top:0;padding-right:0;padding-bottom:0;padding-left:0\">\n<div class=\"wp-block-columns has-custom-dark-teal-color has-custom-soft-safe-green-background-color has-text-color has-background has-link-color wp-elements-795fbdfd13cb2fdf6e06bd6d4f620f2a is-layout-flex wp-container-core-columns-is-layout-b49bb1f1 wp-block-columns-is-layout-flex\" style=\"border-top-left-radius:0rem;border-top-right-radius:0rem;border-bottom-left-radius:0rem;border-bottom-right-radius:0rem;margin-top:0;margin-bottom:30px;padding-top:0rem;padding-right:0rem;padding-bottom:0rem;padding-left:0rem\">\n<div class=\"wp-block-column is-layout-flow wp-block-column-is-layout-flow\" style=\"padding-top:var(--wp--preset--spacing--20);padding-bottom:var(--wp--preset--spacing--20);flex-basis:35%\">\n<figure class=\"wp-block-image aligncenter size-full is-resized has-custom-border is-style-default\"><img loading=\"lazy\" decoding=\"async\" width=\"1707\" height=\"2560\" src=\"https:\/\/nodocontextual.es\/wp-content\/uploads\/2026\/01\/005-edited-3-scaled.jpg\" alt=\"\" class=\"wp-image-807\" style=\"border-top-left-radius:5rem;border-top-right-radius:5rem;border-bottom-left-radius:5rem;border-bottom-right-radius:5rem;aspect-ratio:0.6668063830424239;width:343px;height:auto\" srcset=\"https:\/\/nodocontextual.es\/wp-content\/uploads\/2026\/01\/005-edited-3-scaled.jpg 1707w, https:\/\/nodocontextual.es\/wp-content\/uploads\/2026\/01\/005-edited-3-200x300.jpg 200w, https:\/\/nodocontextual.es\/wp-content\/uploads\/2026\/01\/005-edited-3-683x1024.jpg 683w, https:\/\/nodocontextual.es\/wp-content\/uploads\/2026\/01\/005-edited-3-768x1152.jpg 768w, https:\/\/nodocontextual.es\/wp-content\/uploads\/2026\/01\/005-edited-3-1024x1536.jpg 1024w, https:\/\/nodocontextual.es\/wp-content\/uploads\/2026\/01\/005-edited-3-1365x2048.jpg 1365w\" sizes=\"auto, (max-width: 1707px) 100vw, 1707px\" \/><\/figure>\n<\/div>\n\n\n\n<div class=\"wp-block-column is-layout-flow wp-block-column-is-layout-flow\" style=\"padding-top:var(--wp--preset--spacing--30);padding-right:var(--wp--preset--spacing--40);padding-bottom:var(--wp--preset--spacing--20);padding-left:var(--wp--preset--spacing--20)\">\n<div class=\"wp-block-group is-nowrap is-layout-flex wp-container-core-group-is-layout-6c531013 wp-block-group-is-layout-flex\">\n<h4 class=\"wp-block-heading has-custom-dark-teal-color has-text-color has-link-color wp-elements-24dd77a0b613f7e9869389da68695ea5\" style=\"font-size:clamp(15.747px, 0.984rem + ((1vw - 3.2px) * 0.86), 24px);\">Victor Villalba Salazar \ud83c\uddea\ud83c\uddf8 | \ud83c\uddec\ud83c\udde7                                                 <\/h4>\n\n\n\n<ul class=\"wp-block-social-links has-icon-color has-icon-background-color is-content-justification-right is-layout-flex wp-container-core-social-links-is-layout-d445cf74 wp-block-social-links-is-layout-flex\"><li style=\"color:#ffffff;background-color:#38464a;\" class=\"wp-social-link wp-social-link-linkedin has-custom-white-color has-custom-dark-teal-background-color wp-block-social-link\"><a href=\"https:\/\/www.linkedin.com\/in\/victor-villalba-salazar\" class=\"wp-block-social-link-anchor\"><svg width=\"24\" height=\"24\" viewbox=\"0 0 24 24\" version=\"1.1\" xmlns=\"http:\/\/www.w3.org\/2000\/svg\" aria-hidden=\"true\" focusable=\"false\"><path d=\"M19.7,3H4.3C3.582,3,3,3.582,3,4.3v15.4C3,20.418,3.582,21,4.3,21h15.4c0.718,0,1.3-0.582,1.3-1.3V4.3 C21,3.582,20.418,3,19.7,3z M8.339,18.338H5.667v-8.59h2.672V18.338z M7.004,8.574c-0.857,0-1.549-0.694-1.549-1.548 c0-0.855,0.691-1.548,1.549-1.548c0.854,0,1.547,0.694,1.547,1.548C8.551,7.881,7.858,8.574,7.004,8.574z M18.339,18.338h-2.669 v-4.177c0-0.996-0.017-2.278-1.387-2.278c-1.389,0-1.601,1.086-1.601,2.206v4.249h-2.667v-8.59h2.559v1.174h0.037 c0.356-0.675,1.227-1.387,2.526-1.387c2.703,0,3.203,1.779,3.203,4.092V18.338z\"><\/path><\/svg><span class=\"wp-block-social-link-label screen-reader-text\">LinkedIn<\/span><\/a><\/li><\/ul>\n<\/div>\n\n\n\n<p>Team Coordinator<\/p>\n\n\n\n<p class=\"has-custom-dark-teal-color has-text-color has-small-font-size\" style=\"margin-top:4px\">General Sanitary Psychologist \u2013 M-44091 <\/p>\n\n\n\n<p class=\"has-small-font-size\">Graduated and licensed in General Health Psychology from the Universidad Europea de Madrid, and a registered member of the Official College of Psychologists of Madrid. <\/p>\n\n\n\n<p class=\"has-small-font-size\">Trained in behavior analysis and contextual therapies at leading institutions such as the Instituto Terap\u00e9utico de Madrid (ITEMA) and Implica Psicolog\u00eda. V\u00edctor maintains a strong commitment to continuous education, attending conferences and conventions such as PsicoFest, ITE+, and various training courses to ensure rigorous evaluation and intervention backed by scientific evidence. Furthermore, being a native speaker of both Spanish and English, he provides therapy in both languages.<\/p>\n\n\n\n<p class=\"has-small-font-size\"><strong>His goal?<\/strong> To help you understand how your past and present experiences influence your life in order to <strong>generate profound and sustainable changes over time.<\/strong><\/p>\n<\/div>\n<\/div>\n\n\n\n<div class=\"wp-block-columns has-custom-dark-teal-color has-custom-soft-safe-green-background-color has-text-color has-background has-link-color wp-elements-bcbe13212ff65250f8e8f230b126e2b0 is-layout-flex wp-container-core-columns-is-layout-6e2605fc wp-block-columns-is-layout-flex\" style=\"border-top-left-radius:2.5rem;border-top-right-radius:2.5rem;border-bottom-left-radius:2.5rem;border-bottom-right-radius:2.5rem;padding-top:1.5rem;padding-right:0.8rem;padding-bottom:1.5rem;padding-left:0.8rem\">\n<div class=\"wp-block-column is-layout-flow wp-block-column-is-layout-flow\" style=\"flex-basis:35%\">\n<figure class=\"wp-block-image aligncenter size-full is-resized has-custom-border is-style-default\"><img loading=\"lazy\" decoding=\"async\" width=\"1707\" height=\"2560\" src=\"https:\/\/nodocontextual.es\/wp-content\/uploads\/2026\/01\/WhatsApp-Image-2026-01-10-at-12.07.24-1-scaled.jpeg\" alt=\"\" class=\"wp-image-824\" style=\"border-top-left-radius:5rem;border-top-right-radius:5rem;border-bottom-left-radius:5rem;border-bottom-right-radius:5rem;aspect-ratio:0.666789463989685;width:331px;height:auto\" srcset=\"https:\/\/nodocontextual.es\/wp-content\/uploads\/2026\/01\/WhatsApp-Image-2026-01-10-at-12.07.24-1-scaled.jpeg 1707w, https:\/\/nodocontextual.es\/wp-content\/uploads\/2026\/01\/WhatsApp-Image-2026-01-10-at-12.07.24-1-200x300.jpeg 200w, https:\/\/nodocontextual.es\/wp-content\/uploads\/2026\/01\/WhatsApp-Image-2026-01-10-at-12.07.24-1-683x1024.jpeg 683w, https:\/\/nodocontextual.es\/wp-content\/uploads\/2026\/01\/WhatsApp-Image-2026-01-10-at-12.07.24-1-768x1152.jpeg 768w, https:\/\/nodocontextual.es\/wp-content\/uploads\/2026\/01\/WhatsApp-Image-2026-01-10-at-12.07.24-1-1024x1536.jpeg 1024w, https:\/\/nodocontextual.es\/wp-content\/uploads\/2026\/01\/WhatsApp-Image-2026-01-10-at-12.07.24-1-1366x2048.jpeg 1366w\" sizes=\"auto, (max-width: 1707px) 100vw, 1707px\" \/><\/figure>\n<\/div>\n\n\n\n<div class=\"wp-block-column is-layout-flow wp-block-column-is-layout-flow\" style=\"padding-top:0;padding-right:var(--wp--preset--spacing--30);padding-bottom:0;padding-left:var(--wp--preset--spacing--20)\">\n<div class=\"wp-block-group is-nowrap is-layout-flex wp-container-core-group-is-layout-6c531013 wp-block-group-is-layout-flex\">\n<h4 class=\"wp-block-heading has-custom-dark-teal-color has-text-color has-link-color wp-elements-41983fd8af20ff29d28ccc062345f047\" style=\"font-size:clamp(15.747px, 0.984rem + ((1vw - 3.2px) * 0.86), 24px);\">Rocio Alonso \ud83c\uddea\ud83c\uddf8<\/h4>\n\n\n\n<ul class=\"wp-block-social-links has-icon-color has-icon-background-color is-content-justification-right is-layout-flex wp-container-core-social-links-is-layout-d445cf74 wp-block-social-links-is-layout-flex\"><li style=\"color:#ffffff;background-color:#38464a;\" class=\"wp-social-link wp-social-link-linkedin has-custom-white-color has-custom-dark-teal-background-color wp-block-social-link\"><a href=\"https:\/\/www.linkedin.com\/in\/victor-villalba-salazar\" class=\"wp-block-social-link-anchor\"><svg width=\"24\" height=\"24\" viewbox=\"0 0 24 24\" version=\"1.1\" xmlns=\"http:\/\/www.w3.org\/2000\/svg\" aria-hidden=\"true\" focusable=\"false\"><path d=\"M19.7,3H4.3C3.582,3,3,3.582,3,4.3v15.4C3,20.418,3.582,21,4.3,21h15.4c0.718,0,1.3-0.582,1.3-1.3V4.3 C21,3.582,20.418,3,19.7,3z M8.339,18.338H5.667v-8.59h2.672V18.338z M7.004,8.574c-0.857,0-1.549-0.694-1.549-1.548 c0-0.855,0.691-1.548,1.549-1.548c0.854,0,1.547,0.694,1.547,1.548C8.551,7.881,7.858,8.574,7.004,8.574z M18.339,18.338h-2.669 v-4.177c0-0.996-0.017-2.278-1.387-2.278c-1.389,0-1.601,1.086-1.601,2.206v4.249h-2.667v-8.59h2.559v1.174h0.037 c0.356-0.675,1.227-1.387,2.526-1.387c2.703,0,3.203,1.779,3.203,4.092V18.338z\"><\/path><\/svg><span class=\"wp-block-social-link-label screen-reader-text\">LinkedIn<\/span><\/a><\/li><\/ul>\n<\/div>\n\n\n\n<p class=\"has-custom-dark-teal-color has-text-color has-small-font-size\" style=\"margin-top:4px\">General Sanitary Psychologist \u2013 M-41787<\/p>\n\n\n\n<p class=\"has-small-font-size\">Graduated from the Universidad Cardenal Cisneros, licensed in General Health Psychology from the Universidad Europea de Madrid, and a registered member of the Official College of Psychologists of Madrid.<\/p>\n\n\n\n<p class=\"has-small-font-size\">Trained in behavior analysis and contextual therapies. Roc\u00edo holds a Master's degree in Learning Disorders and Difficulties from UNIR and is currently training in Psychological Assessment and Intervention for Children and Adolescents from a Contextual Model at Luria Psicolog\u00eda. She works from a contextual approach, carrying out evidence-based interventions tailored to each individual's needs.<\/p>\n\n\n\n<p class=\"has-small-font-size\"><strong>His goal?<\/strong> To create a safe and non-judgmental environment to accompany you in the process, <strong>adapting the pace and strategies to your needs.<\/strong><\/p>\n<\/div>\n<\/div>\n<\/div>\n<\/div><\/div>","protected":false},"excerpt":{"rendered":"","protected":false},"author":1,"featured_media":0,"parent":0,"menu_order":0,"comment_status":"closed","ping_status":"closed","template":"page-with-title","meta":{"_eb_attr":"","footnotes":""},"class_list":["post-12","page","type-page","status-publish","hentry"],"_links":{"self":[{"href":"https:\/\/nodocontextual.es\/en\/wp-json\/wp\/v2\/pages\/12","targetHints":{"allow":["GET"]}}],"collection":[{"href":"https:\/\/nodocontextual.es\/en\/wp-json\/wp\/v2\/pages"}],"about":[{"href":"https:\/\/nodocontextual.es\/en\/wp-json\/wp\/v2\/types\/page"}],"author":[{"embeddable":true,"href":"https:\/\/nodocontextual.es\/en\/wp-json\/wp\/v2\/users\/1"}],"replies":[{"embeddable":true,"href":"https:\/\/nodocontextual.es\/en\/wp-json\/wp\/v2\/comments?post=12"}],"version-history":[{"count":0,"href":"https:\/\/nodocontextual.es\/en\/wp-json\/wp\/v2\/pages\/12\/revisions"}],"wp:attachment":[{"href":"https:\/\/nodocontextual.es\/en\/wp-json\/wp\/v2\/media?parent=12"}],"curies":[{"name":"wp","href":"https:\/\/api.w.org\/{rel}","templated":true}]}}